{"id":3112,"date":"2024-11-05T16:28:53","date_gmt":"2024-11-05T15:28:53","guid":{"rendered":"https:\/\/www.kiconex.com\/?page_id=3112"},"modified":"2024-11-26T10:15:05","modified_gmt":"2024-11-26T09:15:05","slug":"industries","status":"publish","type":"page","link":"https:\/\/www.kiconex.com\/fr\/industries\/","title":{"rendered":"Industries"},"content":{"rendered":"\t\t<div data-elementor-type=\"wp-page\" data-elementor-id=\"3112\" class=\"elementor elementor-3112 elementor-3010\">\n\t\t\t\t<div class=\"elementor-element elementor-element-382fd307 e-con-full e-flex e-con e-parent\" data-id=\"382fd307\" data-element_type=\"container\" data-e-type=\"container\" data-settings=\"{&quot;background_background&quot;:&quot;classic&quot;,&quot;jet_parallax_layout_list&quot;:[]}\">\n\t\t\t\t<div class=\"elementor-element elementor-element-2df77a74 elementor-widget elementor-widget-spacer\" data-id=\"2df77a74\" data-element_type=\"widget\" data-e-type=\"widget\" data-widget_type=\"spacer.default\">\n\t\t\t\t<div class=\"elementor-widget-container\">\n\t\t\t\t\t\t\t<div class=\"elementor-spacer\">\n\t\t\t<div class=\"elementor-spacer-inner\"><\/div>\n\t\t<\/div>\n\t\t\t\t\t\t<\/div>\n\t\t\t\t<\/div>\n\t\t\t\t<div class=\"elementor-element elementor-element-5a8819ba elementor-widget elementor-widget-spacer\" data-id=\"5a8819ba\" data-element_type=\"widget\" data-e-type=\"widget\" data-widget_type=\"spacer.default\">\n\t\t\t\t<div class=\"elementor-widget-container\">\n\t\t\t\t\t\t\t<div class=\"elementor-spacer\">\n\t\t\t<div class=\"elementor-spacer-inner\"><\/div>\n\t\t<\/div>\n\t\t\t\t\t\t<\/div>\n\t\t\t\t<\/div>\n\t\t\t\t<div class=\"elementor-element elementor-element-0b96cc4 elementor-widget elementor-widget-spacer\" data-id=\"0b96cc4\" data-element_type=\"widget\" data-e-type=\"widget\" data-widget_type=\"spacer.default\">\n\t\t\t\t<div class=\"elementor-widget-container\">\n\t\t\t\t\t\t\t<div class=\"elementor-spacer\">\n\t\t\t<div class=\"elementor-spacer-inner\"><\/div>\n\t\t<\/div>\n\t\t\t\t\t\t<\/div>\n\t\t\t\t<\/div>\n\t\t\t\t<div class=\"elementor-element elementor-element-5dc37ef5 elementor-widget__width-initial elementor-widget elementor-widget-heading\" data-id=\"5dc37ef5\" data-element_type=\"widget\" data-e-type=\"widget\" data-widget_type=\"heading.default\">\n\t\t\t\t<div class=\"elementor-widget-container\">\n\t\t\t\t\t<h1 class=\"elementor-heading-title elementor-size-default\">INDUSTRIES<\/h1>\t\t\t\t<\/div>\n\t\t\t\t<\/div>\n\t\t\t\t<div class=\"elementor-element elementor-element-1c4eb253 elementor-widget elementor-widget-spacer\" data-id=\"1c4eb253\" data-element_type=\"widget\" data-e-type=\"widget\" data-widget_type=\"spacer.default\">\n\t\t\t\t<div class=\"elementor-widget-container\">\n\t\t\t\t\t\t\t<div class=\"elementor-spacer\">\n\t\t\t<div class=\"elementor-spacer-inner\"><\/div>\n\t\t<\/div>\n\t\t\t\t\t\t<\/div>\n\t\t\t\t<\/div>\n\t\t\t\t<\/div>\n\t\t<div class=\"elementor-element elementor-element-334af3e3 e-flex e-con-boxed e-con e-parent\" data-id=\"334af3e3\" data-element_type=\"container\" data-e-type=\"container\" data-settings=\"{&quot;jet_parallax_layout_list&quot;:[]}\">\n\t\t\t\t\t<div class=\"e-con-inner\">\n\t\t\t\t<div class=\"elementor-element elementor-element-1f35192c elementor-widget elementor-widget-spacer\" data-id=\"1f35192c\" data-element_type=\"widget\" data-e-type=\"widget\" data-widget_type=\"spacer.default\">\n\t\t\t\t<div class=\"elementor-widget-container\">\n\t\t\t\t\t\t\t<div class=\"elementor-spacer\">\n\t\t\t<div class=\"elementor-spacer-inner\"><\/div>\n\t\t<\/div>\n\t\t\t\t\t\t<\/div>\n\t\t\t\t<\/div>\n\t\t\t\t<div class=\"elementor-element elementor-element-1ff0b7a elementor-widget elementor-widget-raven-button\" data-id=\"1ff0b7a\" data-element_type=\"widget\" data-e-type=\"widget\" data-settings=\"{&quot;turn_to_popup_action_button&quot;:&quot;no&quot;}\" data-widget_type=\"raven-button.default\">\n\t\t\t\t<div class=\"elementor-widget-container\">\n\t\t\t\t\t\t\t<div class=\"raven-widget-wrapper\">\n\t\t\t<a class=\"raven-button raven-button-widget-normal-effect-shine elementor-button raven-button-text-align-center raven-button-link elementor-animation-none\" href=\"https:\/\/www.kiconex.com\/fr\/contact\/\">\t\t\t\t<div class=\"raven-button-overlay\" ><\/div>\n\t\t\t\t<span class=\"raven-button-content\">\n\t\t\t\t\t\n\t\t\t\t\t<div class=\"button-text-container\">\n\t\t\t\t\t\t\t\t\t<span class=\"raven-button-icon raven-button-icon-position-left\">\n\t\t\t\t<svg aria-hidden=\"true\" class=\"e-font-icon-svg e-fas-angle-right\" viewBox=\"0 0 256 512\" xmlns=\"http:\/\/www.w3.org\/2000\/svg\"><path d=\"M224.3 273l-136 136c-9.4 9.4-24.6 9.4-33.9 0l-22.6-22.6c-9.4-9.4-9.4-24.6 0-33.9l96.4-96.4-96.4-96.4c-9.4-9.4-9.4-24.6 0-33.9L54.3 103c9.4-9.4 24.6-9.4 33.9 0l136 136c9.5 9.4 9.5 24.6.1 34z\"><\/path><\/svg>\t\t\t<\/span>\n\t\t\t\t\t\t\t\t<div class=\"raven-button-texts-wrapper\">\n\t\t\t\t\t\t\t<div class=\"button-text\">\n\t\t\t\t\t\t\t\t<span class=\"raven-button-text\">\n\t\t\t\t\t\t\t\t\tCliquez ici pour obtenir des conseils\t\t\t\t\t\t\t\t<\/span>\n\t\t\t\t\t\t\t<\/div>\n\t\t\t\t\t\t\t\t\t\t\t\t\t<\/div>\n\t\t\t\t\t\t\t\t\t\t\t<\/div>\n\t\t\t\t\t\n\t\t\t\t\t\t\t\t\t<\/span>\n\t\t\t<\/a>\t\t<\/div>\n\t\t\t\t\t\t<\/div>\n\t\t\t\t<\/div>\n\t\t\t\t<div class=\"elementor-element elementor-element-99c3281 elementor-widget-divider--view-line elementor-widget elementor-widget-divider\" data-id=\"99c3281\" data-element_type=\"widget\" data-e-type=\"widget\" data-widget_type=\"divider.default\">\n\t\t\t\t<div class=\"elementor-widget-container\">\n\t\t\t\t\t\t\t<div class=\"elementor-divider\">\n\t\t\t<span class=\"elementor-divider-separator\">\n\t\t\t\t\t\t<\/span>\n\t\t<\/div>\n\t\t\t\t\t\t<\/div>\n\t\t\t\t<\/div>\n\t\t\t\t<div class=\"elementor-element elementor-element-6d71e203 elementor-widget elementor-widget-heading\" data-id=\"6d71e203\" data-element_type=\"widget\" data-e-type=\"widget\" data-widget_type=\"heading.default\">\n\t\t\t\t<div class=\"elementor-widget-container\">\n\t\t\t\t\t<h2 class=\"elementor-heading-title elementor-size-default\">Comment sommes-nous pr\u00e9sents dans le secteur industriel ?<\/h2>\t\t\t\t<\/div>\n\t\t\t\t<\/div>\n\t\t\t\t<div class=\"elementor-element elementor-element-3077e7c8 elementor-widget elementor-widget-heading\" data-id=\"3077e7c8\" data-element_type=\"widget\" data-e-type=\"widget\" data-widget_type=\"heading.default\">\n\t\t\t\t<div class=\"elementor-widget-container\">\n\t\t\t\t\t<h3 class=\"elementor-heading-title elementor-size-default\">Optimisation op\u00e9rationnelle et efficacit\u00e9 \u00e9nerg\u00e9tique  <\/h3>\t\t\t\t<\/div>\n\t\t\t\t<\/div>\n\t\t\t\t<div class=\"elementor-element elementor-element-7b0316fa elementor-widget elementor-widget-text-editor\" data-id=\"7b0316fa\" data-element_type=\"widget\" data-e-type=\"widget\" data-widget_type=\"text-editor.default\">\n\t\t\t\t<div class=\"elementor-widget-container\">\n\t\t\t\t\t\t\t\t\t<p><span style=\"color: #000000;\">Dans le secteur industriel, Kiconex fournit des solutions avanc\u00e9es de surveillance et de contr\u00f4le en temps r\u00e9el qui am\u00e9liorent la productivit\u00e9 et la s\u00e9curit\u00e9 des installations.  <\/span><\/p>\n<p><span style=\"color: #000000;\">Gr\u00e2ce \u00e0 notre technologie IoT, nous surveillons les machines, pr\u00e9venons les pannes avant qu&rsquo;elles ne se produisent et optimisons les ressources \u00e9nerg\u00e9tiques. Nous aidons les entreprises \u00e0 r\u00e9duire les temps d&rsquo;arr\u00eat, \u00e0 augmenter l&rsquo;efficacit\u00e9 op\u00e9rationnelle, les co\u00fbts de maintenance et la consommation d&rsquo;\u00e9nergie.   <\/span><\/p>\n\t\t\t\t\t\t\t\t<\/div>\n\t\t\t\t<\/div>\n\t\t\t\t<div class=\"elementor-element elementor-element-56f423d5 elementor-widget elementor-widget-raven-advanced-accordion\" data-id=\"56f423d5\" data-element_type=\"widget\" data-e-type=\"widget\" data-settings=\"{&quot;scroll_to_content&quot;:&quot;false&quot;}\" data-widget_type=\"raven-advanced-accordion.default\">\n\t\t\t\t<div class=\"elementor-widget-container\">\n\t\t\t\t\t\t\t\t<div id=\"jupiterx-advanced-accordion-wrapper\" class=\"jupiterx-advanced-accordion-wrapper\">\n\t\t\t\t<div class=\"jupiterx-advanced-accordion-inner-wrapper\">\n\t\t\t\t\t\t\t\t\t\t\t\t\t\t<div class=\"jupiterx-single-advanced-accordion-wrapper  jx-ac-first  jx-ac-last  jx-ac-inactive\" id=\"\" >\n\t\t\t\t<div class=\"jx-single-accordion-header\">\n\t\t\t\t\t<div class=\"jx-single-accordion-header-left\">\n\t\t\t\t\t\t<div class=\"jx-single-accordion-header-icon-toggle-wrapper jx-single-accordion-header-icon-toggle-wrapper-hide\" >\n\t\t\t\t\t\t\t\t\t\t\t\t\t<\/div>\n\t\t\t\t\t\t<span class=\"jx-ac-title\">Principaux avantages  <\/span>\t\t\t\t\t<\/div>\n\t\t\t\t\t<div class=\"jx-single-accordion-header-right\">\n\t\t\t\t\t\t<i aria-hidden=\"true\" class=\"jx-ac-icon-body-closed jx-ac-toggle-icon fas fa-chevron-right\"><\/i><i aria-hidden=\"true\" class=\"jx-ac-icon-body-opened jx-ac-toggle-icon fas fa-chevron-down\"><\/i>\t\t\t\t\t<\/div>\n\t\t\t\t<\/div>\n\t\t\t\t<div class=\"jx-single-accordion-body  jx-ac-body-none\">\n\t\t\t\t\t<div class=\"jx-ac-content\">\n\t\t\t\t\t\t<div class=\"jx-ac-content-inner-wrapper\">\n\t\t\t\t\t\t\t<div class=\"jupiterx-ac-content-is-editor\"><ul>\n<li>Maintenance pr\u00e9dictive<\/li>\n<li>Automatisation des installations<\/li>\n<li>Connexion proactive \u00e0 distance<\/li>\n<li>Optimisation \u00e9nerg\u00e9tique<\/li>\n<\/ul>\n<\/div>\t\t\t\t\t\t<\/div>\n\t\t\t\t\t<\/div>\n\t\t\t\t<\/div>\n\t\t\t<\/div>\n\t\t\t\t\t\t\t\t\t\t\t<\/div>\n\t\t\t<\/div>\n\t\t\t\t\t\t\t<\/div>\n\t\t\t\t<\/div>\n\t\t\t\t<div class=\"elementor-element elementor-element-e8ae6d9 elementor-shape-square elementor-grid-0 e-grid-align-center elementor-widget elementor-widget-social-icons\" data-id=\"e8ae6d9\" data-element_type=\"widget\" data-e-type=\"widget\" data-widget_type=\"social-icons.default\">\n\t\t\t\t<div class=\"elementor-widget-container\">\n\t\t\t\t\t\t\t<div class=\"elementor-social-icons-wrapper elementor-grid\" role=\"list\">\n\t\t\t\t\t\t\t<span class=\"elementor-grid-item\" role=\"listitem\">\n\t\t\t\t\t<a class=\"elementor-icon elementor-social-icon elementor-social-icon-linkedin elementor-repeater-item-2c3398a\" href=\"https:\/\/www.linkedin.com\/company\/kiconex\/\" target=\"_blank\">\n\t\t\t\t\t\t<span class=\"elementor-screen-only\">Linkedin<\/span>\n\t\t\t\t\t\t<svg aria-hidden=\"true\" class=\"e-font-icon-svg e-fab-linkedin\" viewBox=\"0 0 448 512\" xmlns=\"http:\/\/www.w3.org\/2000\/svg\"><path d=\"M416 32H31.9C14.3 32 0 46.5 0 64.3v383.4C0 465.5 14.3 480 31.9 480H416c17.6 0 32-14.5 32-32.3V64.3c0-17.8-14.4-32.3-32-32.3zM135.4 416H69V202.2h66.5V416zm-33.2-243c-21.3 0-38.5-17.3-38.5-38.5S80.9 96 102.2 96c21.2 0 38.5 17.3 38.5 38.5 0 21.3-17.2 38.5-38.5 38.5zm282.1 243h-66.4V312c0-24.8-.5-56.7-34.5-56.7-34.6 0-39.9 27-39.9 54.9V416h-66.4V202.2h63.7v29.2h.9c8.9-16.8 30.6-34.5 62.9-34.5 67.2 0 79.7 44.3 79.7 101.9V416z\"><\/path><\/svg>\t\t\t\t\t<\/a>\n\t\t\t\t<\/span>\n\t\t\t\t\t\t\t<span class=\"elementor-grid-item\" role=\"listitem\">\n\t\t\t\t\t<a class=\"elementor-icon elementor-social-icon elementor-social-icon-instagram elementor-repeater-item-30ecc81\" href=\"https:\/\/www.instagram.com\/kiconexoficial\/profilecard\/?igsh=aDl3ZmV2bnoxcmZr\" target=\"_blank\">\n\t\t\t\t\t\t<span class=\"elementor-screen-only\">Instagram<\/span>\n\t\t\t\t\t\t<svg aria-hidden=\"true\" class=\"e-font-icon-svg e-fab-instagram\" viewBox=\"0 0 448 512\" xmlns=\"http:\/\/www.w3.org\/2000\/svg\"><path d=\"M224.1 141c-63.6 0-114.9 51.3-114.9 114.9s51.3 114.9 114.9 114.9S339 319.5 339 255.9 287.7 141 224.1 141zm0 189.6c-41.1 0-74.7-33.5-74.7-74.7s33.5-74.7 74.7-74.7 74.7 33.5 74.7 74.7-33.6 74.7-74.7 74.7zm146.4-194.3c0 14.9-12 26.8-26.8 26.8-14.9 0-26.8-12-26.8-26.8s12-26.8 26.8-26.8 26.8 12 26.8 26.8zm76.1 27.2c-1.7-35.9-9.9-67.7-36.2-93.9-26.2-26.2-58-34.4-93.9-36.2-37-2.1-147.9-2.1-184.9 0-35.8 1.7-67.6 9.9-93.9 36.1s-34.4 58-36.2 93.9c-2.1 37-2.1 147.9 0 184.9 1.7 35.9 9.9 67.7 36.2 93.9s58 34.4 93.9 36.2c37 2.1 147.9 2.1 184.9 0 35.9-1.7 67.7-9.9 93.9-36.2 26.2-26.2 34.4-58 36.2-93.9 2.1-37 2.1-147.8 0-184.8zM398.8 388c-7.8 19.6-22.9 34.7-42.6 42.6-29.5 11.7-99.5 9-132.1 9s-102.7 2.6-132.1-9c-19.6-7.8-34.7-22.9-42.6-42.6-11.7-29.5-9-99.5-9-132.1s-2.6-102.7 9-132.1c7.8-19.6 22.9-34.7 42.6-42.6 29.5-11.7 99.5-9 132.1-9s102.7-2.6 132.1 9c19.6 7.8 34.7 22.9 42.6 42.6 11.7 29.5 9 99.5 9 132.1s2.7 102.7-9 132.1z\"><\/path><\/svg>\t\t\t\t\t<\/a>\n\t\t\t\t<\/span>\n\t\t\t\t\t\t\t<span class=\"elementor-grid-item\" role=\"listitem\">\n\t\t\t\t\t<a class=\"elementor-icon elementor-social-icon elementor-social-icon-youtube elementor-repeater-item-34a32f9\" href=\"https:\/\/www.youtube.com\/@KiconexIoT\" target=\"_blank\">\n\t\t\t\t\t\t<span class=\"elementor-screen-only\">Youtube<\/span>\n\t\t\t\t\t\t<svg aria-hidden=\"true\" class=\"e-font-icon-svg e-fab-youtube\" viewBox=\"0 0 576 512\" xmlns=\"http:\/\/www.w3.org\/2000\/svg\"><path d=\"M549.655 124.083c-6.281-23.65-24.787-42.276-48.284-48.597C458.781 64 288 64 288 64S117.22 64 74.629 75.486c-23.497 6.322-42.003 24.947-48.284 48.597-11.412 42.867-11.412 132.305-11.412 132.305s0 89.438 11.412 132.305c6.281 23.65 24.787 41.5 48.284 47.821C117.22 448 288 448 288 448s170.78 0 213.371-11.486c23.497-6.321 42.003-24.171 48.284-47.821 11.412-42.867 11.412-132.305 11.412-132.305s0-89.438-11.412-132.305zm-317.51 213.508V175.185l142.739 81.205-142.739 81.201z\"><\/path><\/svg>\t\t\t\t\t<\/a>\n\t\t\t\t<\/span>\n\t\t\t\t\t\t\t<span class=\"elementor-grid-item\" role=\"listitem\">\n\t\t\t\t\t<a class=\"elementor-icon elementor-social-icon elementor-social-icon-facebook elementor-repeater-item-f581790\" href=\"https:\/\/www.facebook.com\/kiconex\/\" target=\"_blank\">\n\t\t\t\t\t\t<span class=\"elementor-screen-only\">Facebook<\/span>\n\t\t\t\t\t\t<svg aria-hidden=\"true\" class=\"e-font-icon-svg e-fab-facebook\" viewBox=\"0 0 512 512\" xmlns=\"http:\/\/www.w3.org\/2000\/svg\"><path d=\"M504 256C504 119 393 8 256 8S8 119 8 256c0 123.78 90.69 226.38 209.25 245V327.69h-63V256h63v-54.64c0-62.15 37-96.48 93.67-96.48 27.14 0 55.52 4.84 55.52 4.84v61h-31.28c-30.8 0-40.41 19.12-40.41 38.73V256h68.78l-11 71.69h-57.78V501C413.31 482.38 504 379.78 504 256z\"><\/path><\/svg>\t\t\t\t\t<\/a>\n\t\t\t\t<\/span>\n\t\t\t\t\t\t\t<span class=\"elementor-grid-item\" role=\"listitem\">\n\t\t\t\t\t<a class=\"elementor-icon elementor-social-icon elementor-social-icon-twitter elementor-repeater-item-d03720f\" href=\"https:\/\/x.com\/kiconexIoT\" target=\"_blank\">\n\t\t\t\t\t\t<span class=\"elementor-screen-only\">Twitter<\/span>\n\t\t\t\t\t\t<svg aria-hidden=\"true\" class=\"e-font-icon-svg e-fab-twitter\" viewBox=\"0 0 512 512\" xmlns=\"http:\/\/www.w3.org\/2000\/svg\"><path d=\"M459.37 151.716c.325 4.548.325 9.097.325 13.645 0 138.72-105.583 298.558-298.558 298.558-59.452 0-114.68-17.219-161.137-47.106 8.447.974 16.568 1.299 25.34 1.299 49.055 0 94.213-16.568 130.274-44.832-46.132-.975-84.792-31.188-98.112-72.772 6.498.974 12.995 1.624 19.818 1.624 9.421 0 18.843-1.3 27.614-3.573-48.081-9.747-84.143-51.98-84.143-102.985v-1.299c13.969 7.797 30.214 12.67 47.431 13.319-28.264-18.843-46.781-51.005-46.781-87.391 0-19.492 5.197-37.36 14.294-52.954 51.655 63.675 129.3 105.258 216.365 109.807-1.624-7.797-2.599-15.918-2.599-24.04 0-57.828 46.782-104.934 104.934-104.934 30.213 0 57.502 12.67 76.67 33.137 23.715-4.548 46.456-13.32 66.599-25.34-7.798 24.366-24.366 44.833-46.132 57.827 21.117-2.273 41.584-8.122 60.426-16.243-14.292 20.791-32.161 39.308-52.628 54.253z\"><\/path><\/svg>\t\t\t\t\t<\/a>\n\t\t\t\t<\/span>\n\t\t\t\t\t<\/div>\n\t\t\t\t\t\t<\/div>\n\t\t\t\t<\/div>\n\t\t\t\t\t<\/div>\n\t\t\t\t<\/div>\n\t\t<div class=\"elementor-element elementor-element-5461a3f5 e-flex e-con-boxed e-con e-parent\" data-id=\"5461a3f5\" data-element_type=\"container\" data-e-type=\"container\" data-settings=\"{&quot;jet_parallax_layout_list&quot;:[]}\">\n\t\t\t\t\t<div class=\"e-con-inner\">\n\t\t\t\t\t<\/div>\n\t\t\t\t<\/div>\n\t\t\t\t<\/div>\n\t\t","protected":false},"excerpt":{"rendered":"<p>INDUSTRIES Cliquez ici pour obtenir des conseils Comment sommes-nous pr\u00e9sents dans le secteur industriel ? Optimisation op\u00e9rationnelle et efficacit\u00e9 \u00e9nerg\u00e9tique Dans le secteur industriel, Kiconex fournit des solutions avanc\u00e9es de surveillance et de contr\u00f4le en temps r\u00e9el qui am\u00e9liorent la productivit\u00e9 et la s\u00e9curit\u00e9 des installations. Gr\u00e2ce \u00e0 notre technologie IoT, nous surveillons les machines, [&hellip;]<\/p>\n","protected":false},"author":1,"featured_media":0,"parent":0,"menu_order":0,"comment_status":"closed","ping_status":"closed","template":"elementor_header_footer","meta":{"_acf_changed":false,"_monsterinsights_skip_tracking":false,"_monsterinsights_sitenote_active":false,"_monsterinsights_sitenote_note":"","_monsterinsights_sitenote_category":0,"footnotes":""},"class_list":["post-3112","page","type-page","status-publish","hentry"],"acf":[],"yoast_head":"<!-- This site is optimized with the Yoast SEO plugin v27.2 - https:\/\/yoast.com\/product\/yoast-seo-wordpress\/ -->\n<title>- Secteur d&#039;activit\u00e9 Kiconex<\/title>\n<meta name=\"description\" content=\"Dans le secteur industriel, kiconex am\u00e9liore la productivit\u00e9 et la s\u00e9curit\u00e9 de vos installations. D\u00e9couvrez d&#039;autres caract\u00e9ristiques sur notre site web.\" \/>\n<meta name=\"robots\" content=\"index, follow, max-snippet:-1, max-image-preview:large, max-video-preview:-1\" \/>\n<link rel=\"canonical\" href=\"https:\/\/www.kiconex.com\/fr\/industries\/\" \/>\n<meta property=\"og:locale\" content=\"fr_FR\" \/>\n<meta property=\"og:type\" content=\"article\" \/>\n<meta property=\"og:title\" content=\"- Secteur d&#039;activit\u00e9 Kiconex\" \/>\n<meta property=\"og:description\" content=\"Dans le secteur industriel, kiconex am\u00e9liore la productivit\u00e9 et la s\u00e9curit\u00e9 de vos installations. D\u00e9couvrez d&#039;autres caract\u00e9ristiques sur notre site web.\" \/>\n<meta property=\"og:url\" content=\"https:\/\/www.kiconex.com\/fr\/industries\/\" \/>\n<meta property=\"og:site_name\" content=\"Kiconex\" \/>\n<meta property=\"article:modified_time\" content=\"2024-11-26T09:15:05+00:00\" \/>\n<meta property=\"og:image\" content=\"https:\/\/www.kiconex.com\/wp-content\/uploads\/2025\/06\/Isotipo-KICONEX.png\" \/>\n\t<meta property=\"og:image:width\" content=\"889\" \/>\n\t<meta property=\"og:image:height\" content=\"889\" \/>\n\t<meta property=\"og:image:type\" content=\"image\/png\" \/>\n<meta name=\"twitter:card\" content=\"summary_large_image\" \/>\n<meta name=\"twitter:label1\" content=\"Dur\u00e9e de lecture estim\u00e9e\" \/>\n\t<meta name=\"twitter:data1\" content=\"1 minute\" \/>\n<script type=\"application\/ld+json\" class=\"yoast-schema-graph\">{\"@context\":\"https:\/\/schema.org\",\"@graph\":[{\"@type\":\"WebPage\",\"@id\":\"https:\/\/www.kiconex.com\/fr\/industries\/\",\"url\":\"https:\/\/www.kiconex.com\/fr\/industries\/\",\"name\":\"- Secteur d'activit\u00e9 Kiconex\",\"isPartOf\":{\"@id\":\"https:\/\/brave-ishizaka.185-79-31-96.plesk.page\/#website\"},\"datePublished\":\"2024-11-05T15:28:53+00:00\",\"dateModified\":\"2024-11-26T09:15:05+00:00\",\"description\":\"Dans le secteur industriel, kiconex am\u00e9liore la productivit\u00e9 et la s\u00e9curit\u00e9 de vos installations. D\u00e9couvrez d'autres caract\u00e9ristiques sur notre site web.\",\"breadcrumb\":{\"@id\":\"https:\/\/www.kiconex.com\/fr\/industries\/#breadcrumb\"},\"inLanguage\":\"fr-FR\",\"potentialAction\":[{\"@type\":\"ReadAction\",\"target\":[\"https:\/\/www.kiconex.com\/fr\/industries\/\"]}]},{\"@type\":\"BreadcrumbList\",\"@id\":\"https:\/\/www.kiconex.com\/fr\/industries\/#breadcrumb\",\"itemListElement\":[{\"@type\":\"ListItem\",\"position\":1,\"name\":\"Portada\",\"item\":\"https:\/\/www.kiconex.com\/fr\/accueil\/\"},{\"@type\":\"ListItem\",\"position\":2,\"name\":\"Industries\"}]},{\"@type\":\"WebSite\",\"@id\":\"https:\/\/brave-ishizaka.185-79-31-96.plesk.page\/#website\",\"url\":\"https:\/\/brave-ishizaka.185-79-31-96.plesk.page\/\",\"name\":\"Kiconex\",\"description\":\"\",\"potentialAction\":[{\"@type\":\"SearchAction\",\"target\":{\"@type\":\"EntryPoint\",\"urlTemplate\":\"https:\/\/brave-ishizaka.185-79-31-96.plesk.page\/?s={search_term_string}\"},\"query-input\":{\"@type\":\"PropertyValueSpecification\",\"valueRequired\":true,\"valueName\":\"search_term_string\"}}],\"inLanguage\":\"fr-FR\"}]}<\/script>\n<!-- \/ Yoast SEO plugin. -->","yoast_head_json":{"title":"- Secteur d'activit\u00e9 Kiconex","description":"Dans le secteur industriel, kiconex am\u00e9liore la productivit\u00e9 et la s\u00e9curit\u00e9 de vos installations. D\u00e9couvrez d'autres caract\u00e9ristiques sur notre site web.","robots":{"index":"index","follow":"follow","max-snippet":"max-snippet:-1","max-image-preview":"max-image-preview:large","max-video-preview":"max-video-preview:-1"},"canonical":"https:\/\/www.kiconex.com\/fr\/industries\/","og_locale":"fr_FR","og_type":"article","og_title":"- Secteur d'activit\u00e9 Kiconex","og_description":"Dans le secteur industriel, kiconex am\u00e9liore la productivit\u00e9 et la s\u00e9curit\u00e9 de vos installations. D\u00e9couvrez d'autres caract\u00e9ristiques sur notre site web.","og_url":"https:\/\/www.kiconex.com\/fr\/industries\/","og_site_name":"Kiconex","article_modified_time":"2024-11-26T09:15:05+00:00","og_image":[{"width":889,"height":889,"url":"https:\/\/www.kiconex.com\/wp-content\/uploads\/2025\/06\/Isotipo-KICONEX.png","type":"image\/png"}],"twitter_card":"summary_large_image","twitter_misc":{"Dur\u00e9e de lecture estim\u00e9e":"1 minute"},"schema":{"@context":"https:\/\/schema.org","@graph":[{"@type":"WebPage","@id":"https:\/\/www.kiconex.com\/fr\/industries\/","url":"https:\/\/www.kiconex.com\/fr\/industries\/","name":"- Secteur d'activit\u00e9 Kiconex","isPartOf":{"@id":"https:\/\/brave-ishizaka.185-79-31-96.plesk.page\/#website"},"datePublished":"2024-11-05T15:28:53+00:00","dateModified":"2024-11-26T09:15:05+00:00","description":"Dans le secteur industriel, kiconex am\u00e9liore la productivit\u00e9 et la s\u00e9curit\u00e9 de vos installations. D\u00e9couvrez d'autres caract\u00e9ristiques sur notre site web.","breadcrumb":{"@id":"https:\/\/www.kiconex.com\/fr\/industries\/#breadcrumb"},"inLanguage":"fr-FR","potentialAction":[{"@type":"ReadAction","target":["https:\/\/www.kiconex.com\/fr\/industries\/"]}]},{"@type":"BreadcrumbList","@id":"https:\/\/www.kiconex.com\/fr\/industries\/#breadcrumb","itemListElement":[{"@type":"ListItem","position":1,"name":"Portada","item":"https:\/\/www.kiconex.com\/fr\/accueil\/"},{"@type":"ListItem","position":2,"name":"Industries"}]},{"@type":"WebSite","@id":"https:\/\/brave-ishizaka.185-79-31-96.plesk.page\/#website","url":"https:\/\/brave-ishizaka.185-79-31-96.plesk.page\/","name":"Kiconex","description":"","potentialAction":[{"@type":"SearchAction","target":{"@type":"EntryPoint","urlTemplate":"https:\/\/brave-ishizaka.185-79-31-96.plesk.page\/?s={search_term_string}"},"query-input":{"@type":"PropertyValueSpecification","valueRequired":true,"valueName":"search_term_string"}}],"inLanguage":"fr-FR"}]}},"_links":{"self":[{"href":"https:\/\/www.kiconex.com\/fr\/wp-json\/wp\/v2\/pages\/3112","targetHints":{"allow":["GET"]}}],"collection":[{"href":"https:\/\/www.kiconex.com\/fr\/wp-json\/wp\/v2\/pages"}],"about":[{"href":"https:\/\/www.kiconex.com\/fr\/wp-json\/wp\/v2\/types\/page"}],"author":[{"embeddable":true,"href":"https:\/\/www.kiconex.com\/fr\/wp-json\/wp\/v2\/users\/1"}],"replies":[{"embeddable":true,"href":"https:\/\/www.kiconex.com\/fr\/wp-json\/wp\/v2\/comments?post=3112"}],"version-history":[{"count":8,"href":"https:\/\/www.kiconex.com\/fr\/wp-json\/wp\/v2\/pages\/3112\/revisions"}],"predecessor-version":[{"id":5047,"href":"https:\/\/www.kiconex.com\/fr\/wp-json\/wp\/v2\/pages\/3112\/revisions\/5047"}],"wp:attachment":[{"href":"https:\/\/www.kiconex.com\/fr\/wp-json\/wp\/v2\/media?parent=3112"}],"curies":[{"name":"wp","href":"https:\/\/api.w.org\/{rel}","templated":true}]}}