{"id":3695,"date":"2024-11-06T12:35:41","date_gmt":"2024-11-06T11:35:41","guid":{"rendered":"https:\/\/www.kiconex.com\/histoires-de-reussite\/"},"modified":"2024-11-28T13:15:57","modified_gmt":"2024-11-28T12:15:57","slug":"histoires-de-reussite","status":"publish","type":"page","link":"https:\/\/www.kiconex.com\/fr\/histoires-de-reussite\/","title":{"rendered":"Histoires de r\u00e9ussite"},"content":{"rendered":"\t\t<div data-elementor-type=\"wp-page\" data-elementor-id=\"3695\" class=\"elementor elementor-3695 elementor-3688\">\n\t\t\t\t<div class=\"elementor-element elementor-element-37e4d171 e-con-full e-flex e-con e-parent\" data-id=\"37e4d171\" data-element_type=\"container\" data-e-type=\"container\" data-settings=\"{&quot;jet_parallax_layout_list&quot;:[]}\">\n\t\t\t\t<div class=\"elementor-element elementor-element-dff4c42 elementor-widget elementor-widget-spacer\" data-id=\"dff4c42\" data-element_type=\"widget\" data-e-type=\"widget\" data-widget_type=\"spacer.default\">\n\t\t\t\t<div class=\"elementor-widget-container\">\n\t\t\t\t\t\t\t<div class=\"elementor-spacer\">\n\t\t\t<div class=\"elementor-spacer-inner\"><\/div>\n\t\t<\/div>\n\t\t\t\t\t\t<\/div>\n\t\t\t\t<\/div>\n\t\t\t\t<div class=\"elementor-element elementor-element-be07c6e elementor-widget elementor-widget-heading\" data-id=\"be07c6e\" data-element_type=\"widget\" data-e-type=\"widget\" data-widget_type=\"heading.default\">\n\t\t\t\t<div class=\"elementor-widget-container\">\n\t\t\t\t\t<h1 class=\"elementor-heading-title elementor-size-default\">EXEMPLES DE R\u00c9USSITE<\/h1>\t\t\t\t<\/div>\n\t\t\t\t<\/div>\n\t\t\t\t<div class=\"elementor-element elementor-element-cdca6a2 elementor-widget elementor-widget-spacer\" data-id=\"cdca6a2\" data-element_type=\"widget\" data-e-type=\"widget\" data-widget_type=\"spacer.default\">\n\t\t\t\t<div class=\"elementor-widget-container\">\n\t\t\t\t\t\t\t<div class=\"elementor-spacer\">\n\t\t\t<div class=\"elementor-spacer-inner\"><\/div>\n\t\t<\/div>\n\t\t\t\t\t\t<\/div>\n\t\t\t\t<\/div>\n\t\t\t\t<div class=\"elementor-element elementor-element-1416a165 raven-hover-zoom-move elementor-widget elementor-widget-raven-advanced-posts\" data-id=\"1416a165\" data-element_type=\"widget\" data-e-type=\"widget\" data-settings=\"{&quot;general_layout&quot;:&quot;metro&quot;,&quot;featured_image_hover&quot;:&quot;zoom-move&quot;,&quot;load_effect&quot;:&quot;slide-up&quot;,&quot;metro_matrix_rows_gap&quot;:{&quot;unit&quot;:&quot;px&quot;,&quot;size&quot;:0,&quot;sizes&quot;:[]},&quot;query_posts_per_page&quot;:6,&quot;query_orderby&quot;:&quot;date&quot;,&quot;query_offset&quot;:0,&quot;metro_matrix_rows_gap_tablet&quot;:{&quot;unit&quot;:&quot;px&quot;,&quot;size&quot;:&quot;&quot;,&quot;sizes&quot;:[]},&quot;metro_matrix_rows_gap_mobile&quot;:{&quot;unit&quot;:&quot;px&quot;,&quot;size&quot;:&quot;&quot;,&quot;sizes&quot;:[]}}\" data-widget_type=\"raven-advanced-posts.default\">\n\t\t\t\t<div class=\"elementor-widget-container\">\n\t\t\t\t\t\t\t<div class=\"raven-posts raven-posts-metro\">\n\t\t\t\t\t\t<div class=\"advanced-posts-content content-layout-overlay raven-metro raven-metro-1 raven-metro-mobile-1 raven-metro-tablet-2 zoom-move \" data-post-id=\"3695\" data-archive-query=\"\">\n\t\t\t\t<div class=\"raven-posts-item raven-metro-item  raven-posts-full-width\"><div class=\"raven-post-wrapper raven-posts-load-effect raven-post-effect-slide-up\"><div class=\"raven-post  raven-post-inside\"><div class=\"raven-post-image-wrap\"><a class=\"raven-post-image\" href=\"https:\/\/www.kiconex.com\/fr\/la-reussite-dune-zone-de-restauration\/\"><div class='raven-posts-zoom-move-wrapper' style='background-image: url(https:\/\/www.kiconex.com\/wp-content\/uploads\/2025\/03\/cafeteria-1024x576.png)'><\/div> <img fetchpriority=\"high\" decoding=\"async\" width=\"1024\" height=\"576\" src=\"https:\/\/www.kiconex.com\/wp-content\/uploads\/2025\/03\/cafeteria-1024x576.png\" class=\"attachment-large size-large wp-image-6245\" alt=\"IIoT en restauraci\u00f3n\" srcset=\"https:\/\/www.kiconex.com\/wp-content\/uploads\/2025\/03\/cafeteria-1024x576.png 1024w, https:\/\/www.kiconex.com\/wp-content\/uploads\/2025\/03\/cafeteria-300x169.png 300w, https:\/\/www.kiconex.com\/wp-content\/uploads\/2025\/03\/cafeteria-768x432.png 768w, https:\/\/www.kiconex.com\/wp-content\/uploads\/2025\/03\/cafeteria.png 1366w\" sizes=\"(max-width: 1024px) 100vw, 1024px\" \/><span class=\"raven-post-image-overlay\"><\/span><\/a><\/div><div class=\"raven-post-content\" data-id=\"6255\"><h3 class=\"raven-post-title\"><a class=\"raven-post-title-link\" href=\"https:\/\/www.kiconex.com\/fr\/la-reussite-dune-zone-de-restauration\/\">La r\u00e9ussite d&rsquo;une zone de restauration<\/a><\/h3><\/div><\/div><\/div><\/div><div class=\"raven-posts-item raven-metro-item  \"><div class=\"raven-post-wrapper raven-posts-load-effect raven-post-effect-slide-up\"><div class=\"raven-post  raven-post-inside\"><div class=\"raven-post-image-wrap\"><a class=\"raven-post-image\" href=\"https:\/\/www.kiconex.com\/fr\/caso-de-exito-kiconex-en-supermercados\/\"><div class='raven-posts-zoom-move-wrapper' style='background-image: url(https:\/\/www.kiconex.com\/wp-content\/uploads\/2024\/12\/WhatsApp-Image-2024-12-12-at-15.54.29-1-1024x1024.jpeg)'><\/div> <img decoding=\"async\" width=\"1024\" height=\"1024\" src=\"https:\/\/www.kiconex.com\/wp-content\/uploads\/2024\/12\/WhatsApp-Image-2024-12-12-at-15.54.29-1-1024x1024.jpeg\" class=\"attachment-large size-large wp-image-5675\" alt=\"Caso \u00e9xito supermercados\" srcset=\"https:\/\/www.kiconex.com\/wp-content\/uploads\/2024\/12\/WhatsApp-Image-2024-12-12-at-15.54.29-1-1024x1024.jpeg 1024w, https:\/\/www.kiconex.com\/wp-content\/uploads\/2024\/12\/WhatsApp-Image-2024-12-12-at-15.54.29-1-300x300.jpeg 300w, https:\/\/www.kiconex.com\/wp-content\/uploads\/2024\/12\/WhatsApp-Image-2024-12-12-at-15.54.29-1-150x150.jpeg 150w, https:\/\/www.kiconex.com\/wp-content\/uploads\/2024\/12\/WhatsApp-Image-2024-12-12-at-15.54.29-1-768x768.jpeg 768w, https:\/\/www.kiconex.com\/wp-content\/uploads\/2024\/12\/WhatsApp-Image-2024-12-12-at-15.54.29-1-500x500.jpeg 500w, https:\/\/www.kiconex.com\/wp-content\/uploads\/2024\/12\/WhatsApp-Image-2024-12-12-at-15.54.29-1.jpeg 1080w\" sizes=\"(max-width: 1024px) 100vw, 1024px\" \/><span class=\"raven-post-image-overlay\"><\/span><\/a><\/div><div class=\"raven-post-content\" data-id=\"5582\"><h3 class=\"raven-post-title\"><a class=\"raven-post-title-link\" href=\"https:\/\/www.kiconex.com\/fr\/caso-de-exito-kiconex-en-supermercados\/\">Caso de \u00e9xito en supermercados<\/a><\/h3><\/div><\/div><\/div><\/div><div class=\"raven-posts-item raven-metro-item  \"><div class=\"raven-post-wrapper raven-posts-load-effect raven-post-effect-slide-up\"><div class=\"raven-post  raven-post-inside\"><div class=\"raven-post-image-wrap\"><a class=\"raven-post-image\" href=\"https:\/\/www.kiconex.com\/fr\/caso-de-exito-en-gimnasios\/\"><div class='raven-posts-zoom-move-wrapper' style='background-image: url(https:\/\/www.kiconex.com\/wp-content\/uploads\/2024\/12\/WhatsApp-Image-2024-12-10-at-17.19.10-1024x724.jpeg)'><\/div> <img decoding=\"async\" width=\"1024\" height=\"724\" src=\"https:\/\/www.kiconex.com\/wp-content\/uploads\/2024\/12\/WhatsApp-Image-2024-12-10-at-17.19.10-1024x724.jpeg\" class=\"attachment-large size-large wp-image-5525\" alt=\"Caso de \u00e9xito en gimnasios\" srcset=\"https:\/\/www.kiconex.com\/wp-content\/uploads\/2024\/12\/WhatsApp-Image-2024-12-10-at-17.19.10-1024x724.jpeg 1024w, https:\/\/www.kiconex.com\/wp-content\/uploads\/2024\/12\/WhatsApp-Image-2024-12-10-at-17.19.10-300x212.jpeg 300w, https:\/\/www.kiconex.com\/wp-content\/uploads\/2024\/12\/WhatsApp-Image-2024-12-10-at-17.19.10-768x543.jpeg 768w, https:\/\/www.kiconex.com\/wp-content\/uploads\/2024\/12\/WhatsApp-Image-2024-12-10-at-17.19.10-1536x1086.jpeg 1536w, https:\/\/www.kiconex.com\/wp-content\/uploads\/2024\/12\/WhatsApp-Image-2024-12-10-at-17.19.10.jpeg 1600w\" sizes=\"(max-width: 1024px) 100vw, 1024px\" \/><span class=\"raven-post-image-overlay\"><\/span><\/a><\/div><div class=\"raven-post-content\" data-id=\"5549\"><h3 class=\"raven-post-title\"><a class=\"raven-post-title-link\" href=\"https:\/\/www.kiconex.com\/fr\/caso-de-exito-en-gimnasios\/\">Caso de \u00e9xito en gimnasios<\/a><\/h3><\/div><\/div><\/div><\/div><div class=\"raven-posts-item raven-metro-item  raven-posts-full-width\"><div class=\"raven-post-wrapper raven-posts-load-effect raven-post-effect-slide-up\"><div class=\"raven-post  raven-post-inside\"><div class=\"raven-post-image-wrap\"><a class=\"raven-post-image\" href=\"https:\/\/www.kiconex.com\/fr\/etude-de-cas-reussie-dans-les-residences\/\"><div class='raven-posts-zoom-move-wrapper' style='background-image: url(https:\/\/www.kiconex.com\/wp-content\/uploads\/2024\/11\/2-1-1024x683.png)'><\/div> <img loading=\"lazy\" decoding=\"async\" width=\"1024\" height=\"683\" src=\"https:\/\/www.kiconex.com\/wp-content\/uploads\/2024\/11\/2-1-1024x683.png\" class=\"attachment-large size-large wp-image-3652\" alt=\"Caso de \u00e9xito residenciales\" srcset=\"https:\/\/www.kiconex.com\/wp-content\/uploads\/2024\/11\/2-1-1024x683.png 1024w, https:\/\/www.kiconex.com\/wp-content\/uploads\/2024\/11\/2-1-300x200.png 300w, https:\/\/www.kiconex.com\/wp-content\/uploads\/2024\/11\/2-1-768x512.png 768w, https:\/\/www.kiconex.com\/wp-content\/uploads\/2024\/11\/2-1-1536x1024.png 1536w, https:\/\/www.kiconex.com\/wp-content\/uploads\/2024\/11\/2-1.png 1920w\" sizes=\"(max-width: 1024px) 100vw, 1024px\" \/><span class=\"raven-post-image-overlay\"><\/span><\/a><\/div><div class=\"raven-post-content\" data-id=\"3136\"><h3 class=\"raven-post-title\"><a class=\"raven-post-title-link\" href=\"https:\/\/www.kiconex.com\/fr\/etude-de-cas-reussie-dans-les-residences\/\">Histoire d&rsquo;une r\u00e9ussite r\u00e9sidentielle<\/a><\/h3><\/div><\/div><\/div><\/div><div class=\"raven-posts-item raven-metro-item  \"><div class=\"raven-post-wrapper raven-posts-load-effect raven-post-effect-slide-up\"><div class=\"raven-post  raven-post-inside\"><div class=\"raven-post-image-wrap\"><a class=\"raven-post-image\" href=\"https:\/\/www.kiconex.com\/fr\/une-reussite-dans-le-secteur-hospitalier\/\"><div class='raven-posts-zoom-move-wrapper' style='background-image: url(https:\/\/www.kiconex.com\/wp-content\/uploads\/2024\/11\/Dosier-2025.svg)'><\/div> <img loading=\"lazy\" decoding=\"async\" width=\"1\" height=\"1\" src=\"https:\/\/www.kiconex.com\/wp-content\/uploads\/2024\/11\/Dosier-2025.svg\" class=\"attachment-large size-large wp-image-6944\" alt=\"\" \/><span class=\"raven-post-image-overlay\"><\/span><\/a><\/div><div class=\"raven-post-content\" data-id=\"3132\"><h3 class=\"raven-post-title\"><a class=\"raven-post-title-link\" href=\"https:\/\/www.kiconex.com\/fr\/une-reussite-dans-le-secteur-hospitalier\/\">Une r\u00e9ussite dans le secteur de l&rsquo;h\u00f4tellerie<\/a><\/h3><\/div><\/div><\/div><\/div>\t\t\t<\/div>\n\t\t\t\t\t<\/div>\n\t\t\t\t\t\t<\/div>\n\t\t\t\t<\/div>\n\t\t\t\t<\/div>\n\t\t\t\t<\/div>\n\t\t","protected":false},"excerpt":{"rendered":"<p>EXEMPLES DE R\u00c9USSITE Caso de \u00e9xito en sector hospitality<\/p>\n","protected":false},"author":1,"featured_media":0,"parent":0,"menu_order":0,"comment_status":"closed","ping_status":"closed","template":"","meta":{"_acf_changed":false,"_monsterinsights_skip_tracking":false,"_monsterinsights_sitenote_active":false,"_monsterinsights_sitenote_note":"","_monsterinsights_sitenote_category":0,"footnotes":""},"class_list":["post-3695","page","type-page","status-publish","hentry"],"acf":[],"yoast_head":"<!-- This site is optimized with the Yoast SEO plugin v27.4 - https:\/\/yoast.com\/product\/yoast-seo-wordpress\/ -->\n<title>- Histoires de r\u00e9ussite kiconex Kiconex<\/title>\n<meta name=\"description\" content=\"Venez d\u00e9couvrir toutes les r\u00e9ussites de kiconex dans les diff\u00e9rents secteurs d&#039;activit\u00e9 de notre entreprise.\" \/>\n<meta name=\"robots\" content=\"index, follow, max-snippet:-1, max-image-preview:large, max-video-preview:-1\" \/>\n<link rel=\"canonical\" href=\"https:\/\/www.kiconex.com\/fr\/histoires-de-reussite\/\" \/>\n<meta property=\"og:locale\" content=\"fr_FR\" \/>\n<meta property=\"og:type\" content=\"article\" \/>\n<meta property=\"og:title\" content=\"- Histoires de r\u00e9ussite kiconex Kiconex\" \/>\n<meta property=\"og:description\" content=\"Venez d\u00e9couvrir toutes les r\u00e9ussites de kiconex dans les diff\u00e9rents secteurs d&#039;activit\u00e9 de notre entreprise.\" \/>\n<meta property=\"og:url\" content=\"https:\/\/www.kiconex.com\/fr\/histoires-de-reussite\/\" \/>\n<meta property=\"og:site_name\" content=\"Kiconex\" \/>\n<meta property=\"article:modified_time\" content=\"2024-11-28T12:15:57+00:00\" \/>\n<meta property=\"og:image\" content=\"https:\/\/www.kiconex.com\/wp-content\/uploads\/2024\/11\/1-1024x683.png\" \/>\n<meta name=\"twitter:card\" content=\"summary_large_image\" \/>\n<script type=\"application\/ld+json\" class=\"yoast-schema-graph\">{\"@context\":\"https:\\\/\\\/schema.org\",\"@graph\":[{\"@type\":\"WebPage\",\"@id\":\"https:\\\/\\\/www.kiconex.com\\\/fr\\\/histoires-de-reussite\\\/\",\"url\":\"https:\\\/\\\/www.kiconex.com\\\/fr\\\/histoires-de-reussite\\\/\",\"name\":\"- Histoires de r\u00e9ussite kiconex Kiconex\",\"isPartOf\":{\"@id\":\"https:\\\/\\\/brave-ishizaka.185-79-31-96.plesk.page\\\/#website\"},\"primaryImageOfPage\":{\"@id\":\"https:\\\/\\\/www.kiconex.com\\\/fr\\\/histoires-de-reussite\\\/#primaryimage\"},\"image\":{\"@id\":\"https:\\\/\\\/www.kiconex.com\\\/fr\\\/histoires-de-reussite\\\/#primaryimage\"},\"thumbnailUrl\":\"https:\\\/\\\/www.kiconex.com\\\/wp-content\\\/uploads\\\/2024\\\/11\\\/1-1024x683.png\",\"datePublished\":\"2024-11-06T11:35:41+00:00\",\"dateModified\":\"2024-11-28T12:15:57+00:00\",\"description\":\"Venez d\u00e9couvrir toutes les r\u00e9ussites de kiconex dans les diff\u00e9rents secteurs d'activit\u00e9 de notre entreprise.\",\"breadcrumb\":{\"@id\":\"https:\\\/\\\/www.kiconex.com\\\/fr\\\/histoires-de-reussite\\\/#breadcrumb\"},\"inLanguage\":\"fr-FR\",\"potentialAction\":[{\"@type\":\"ReadAction\",\"target\":[\"https:\\\/\\\/www.kiconex.com\\\/fr\\\/histoires-de-reussite\\\/\"]}]},{\"@type\":\"ImageObject\",\"inLanguage\":\"fr-FR\",\"@id\":\"https:\\\/\\\/www.kiconex.com\\\/fr\\\/histoires-de-reussite\\\/#primaryimage\",\"url\":\"https:\\\/\\\/www.kiconex.com\\\/wp-content\\\/uploads\\\/2024\\\/11\\\/1-1024x683.png\",\"contentUrl\":\"https:\\\/\\\/www.kiconex.com\\\/wp-content\\\/uploads\\\/2024\\\/11\\\/1-1024x683.png\"},{\"@type\":\"BreadcrumbList\",\"@id\":\"https:\\\/\\\/www.kiconex.com\\\/fr\\\/histoires-de-reussite\\\/#breadcrumb\",\"itemListElement\":[{\"@type\":\"ListItem\",\"position\":1,\"name\":\"Portada\",\"item\":\"https:\\\/\\\/www.kiconex.com\\\/fr\\\/accueil\\\/\"},{\"@type\":\"ListItem\",\"position\":2,\"name\":\"Histoires de r\u00e9ussite\"}]},{\"@type\":\"WebSite\",\"@id\":\"https:\\\/\\\/brave-ishizaka.185-79-31-96.plesk.page\\\/#website\",\"url\":\"https:\\\/\\\/brave-ishizaka.185-79-31-96.plesk.page\\\/\",\"name\":\"Kiconex\",\"description\":\"\",\"potentialAction\":[{\"@type\":\"SearchAction\",\"target\":{\"@type\":\"EntryPoint\",\"urlTemplate\":\"https:\\\/\\\/brave-ishizaka.185-79-31-96.plesk.page\\\/?s={search_term_string}\"},\"query-input\":{\"@type\":\"PropertyValueSpecification\",\"valueRequired\":true,\"valueName\":\"search_term_string\"}}],\"inLanguage\":\"fr-FR\"}]}<\/script>\n<!-- \/ Yoast SEO plugin. -->","yoast_head_json":{"title":"- Histoires de r\u00e9ussite kiconex Kiconex","description":"Venez d\u00e9couvrir toutes les r\u00e9ussites de kiconex dans les diff\u00e9rents secteurs d'activit\u00e9 de notre entreprise.","robots":{"index":"index","follow":"follow","max-snippet":"max-snippet:-1","max-image-preview":"max-image-preview:large","max-video-preview":"max-video-preview:-1"},"canonical":"https:\/\/www.kiconex.com\/fr\/histoires-de-reussite\/","og_locale":"fr_FR","og_type":"article","og_title":"- Histoires de r\u00e9ussite kiconex Kiconex","og_description":"Venez d\u00e9couvrir toutes les r\u00e9ussites de kiconex dans les diff\u00e9rents secteurs d'activit\u00e9 de notre entreprise.","og_url":"https:\/\/www.kiconex.com\/fr\/histoires-de-reussite\/","og_site_name":"Kiconex","article_modified_time":"2024-11-28T12:15:57+00:00","og_image":[{"url":"https:\/\/www.kiconex.com\/wp-content\/uploads\/2024\/11\/1-1024x683.png","type":"","width":"","height":""}],"twitter_card":"summary_large_image","schema":{"@context":"https:\/\/schema.org","@graph":[{"@type":"WebPage","@id":"https:\/\/www.kiconex.com\/fr\/histoires-de-reussite\/","url":"https:\/\/www.kiconex.com\/fr\/histoires-de-reussite\/","name":"- Histoires de r\u00e9ussite kiconex Kiconex","isPartOf":{"@id":"https:\/\/brave-ishizaka.185-79-31-96.plesk.page\/#website"},"primaryImageOfPage":{"@id":"https:\/\/www.kiconex.com\/fr\/histoires-de-reussite\/#primaryimage"},"image":{"@id":"https:\/\/www.kiconex.com\/fr\/histoires-de-reussite\/#primaryimage"},"thumbnailUrl":"https:\/\/www.kiconex.com\/wp-content\/uploads\/2024\/11\/1-1024x683.png","datePublished":"2024-11-06T11:35:41+00:00","dateModified":"2024-11-28T12:15:57+00:00","description":"Venez d\u00e9couvrir toutes les r\u00e9ussites de kiconex dans les diff\u00e9rents secteurs d'activit\u00e9 de notre entreprise.","breadcrumb":{"@id":"https:\/\/www.kiconex.com\/fr\/histoires-de-reussite\/#breadcrumb"},"inLanguage":"fr-FR","potentialAction":[{"@type":"ReadAction","target":["https:\/\/www.kiconex.com\/fr\/histoires-de-reussite\/"]}]},{"@type":"ImageObject","inLanguage":"fr-FR","@id":"https:\/\/www.kiconex.com\/fr\/histoires-de-reussite\/#primaryimage","url":"https:\/\/www.kiconex.com\/wp-content\/uploads\/2024\/11\/1-1024x683.png","contentUrl":"https:\/\/www.kiconex.com\/wp-content\/uploads\/2024\/11\/1-1024x683.png"},{"@type":"BreadcrumbList","@id":"https:\/\/www.kiconex.com\/fr\/histoires-de-reussite\/#breadcrumb","itemListElement":[{"@type":"ListItem","position":1,"name":"Portada","item":"https:\/\/www.kiconex.com\/fr\/accueil\/"},{"@type":"ListItem","position":2,"name":"Histoires de r\u00e9ussite"}]},{"@type":"WebSite","@id":"https:\/\/brave-ishizaka.185-79-31-96.plesk.page\/#website","url":"https:\/\/brave-ishizaka.185-79-31-96.plesk.page\/","name":"Kiconex","description":"","potentialAction":[{"@type":"SearchAction","target":{"@type":"EntryPoint","urlTemplate":"https:\/\/brave-ishizaka.185-79-31-96.plesk.page\/?s={search_term_string}"},"query-input":{"@type":"PropertyValueSpecification","valueRequired":true,"valueName":"search_term_string"}}],"inLanguage":"fr-FR"}]}},"_links":{"self":[{"href":"https:\/\/www.kiconex.com\/fr\/wp-json\/wp\/v2\/pages\/3695","targetHints":{"allow":["GET"]}}],"collection":[{"href":"https:\/\/www.kiconex.com\/fr\/wp-json\/wp\/v2\/pages"}],"about":[{"href":"https:\/\/www.kiconex.com\/fr\/wp-json\/wp\/v2\/types\/page"}],"author":[{"embeddable":true,"href":"https:\/\/www.kiconex.com\/fr\/wp-json\/wp\/v2\/users\/1"}],"replies":[{"embeddable":true,"href":"https:\/\/www.kiconex.com\/fr\/wp-json\/wp\/v2\/comments?post=3695"}],"version-history":[{"count":6,"href":"https:\/\/www.kiconex.com\/fr\/wp-json\/wp\/v2\/pages\/3695\/revisions"}],"predecessor-version":[{"id":5143,"href":"https:\/\/www.kiconex.com\/fr\/wp-json\/wp\/v2\/pages\/3695\/revisions\/5143"}],"wp:attachment":[{"href":"https:\/\/www.kiconex.com\/fr\/wp-json\/wp\/v2\/media?parent=3695"}],"curies":[{"name":"wp","href":"https:\/\/api.w.org\/{rel}","templated":true}]}}