{"id":4739,"date":"2024-11-21T12:49:07","date_gmt":"2024-11-21T11:49:07","guid":{"rendered":"https:\/\/www.kiconex.com\/evenements\/"},"modified":"2024-11-29T10:27:58","modified_gmt":"2024-11-29T09:27:58","slug":"evenements","status":"publish","type":"page","link":"https:\/\/www.kiconex.com\/fr\/evenements\/","title":{"rendered":"Ev\u00e9nements"},"content":{"rendered":"\t\t<div data-elementor-type=\"wp-page\" data-elementor-id=\"4739\" class=\"elementor elementor-4739 elementor-4687\">\n\t\t\t\t<div class=\"elementor-element elementor-element-731cc9bd e-flex e-con-boxed e-con e-parent\" data-id=\"731cc9bd\" data-element_type=\"container\" data-e-type=\"container\" data-settings=\"{&quot;jet_parallax_layout_list&quot;:[]}\">\n\t\t\t\t\t<div class=\"e-con-inner\">\n\t\t<div class=\"elementor-element elementor-element-3c714142 e-con-full e-flex e-con e-child\" data-id=\"3c714142\" data-element_type=\"container\" data-e-type=\"container\" data-settings=\"{&quot;jet_parallax_layout_list&quot;:[]}\">\n\t\t\t\t<div class=\"elementor-element elementor-element-d0763c0 elementor-align-left elementor-widget elementor-widget-raven-heading\" data-id=\"d0763c0\" data-element_type=\"widget\" data-e-type=\"widget\" data-widget_type=\"raven-heading.default\">\n\t\t\t\t<div class=\"elementor-widget-container\">\n\t\t\t\t\t\t\t<div class=\"raven-widget-wrapper\"><h1 class=\"raven-heading raven-heading-h1\"><span class=\"raven-heading-title \">\u00c9V\u00c9NEMENTS<\/span><\/h1><\/div>\n\t\t\t\t\t\t<\/div>\n\t\t\t\t<\/div>\n\t\t\t\t<div class=\"elementor-element elementor-element-044cb51 elementor-widget elementor-widget-heading\" data-id=\"044cb51\" data-element_type=\"widget\" data-e-type=\"widget\" data-widget_type=\"heading.default\">\n\t\t\t\t<div class=\"elementor-widget-container\">\n\t\t\t\t\t<h2 class=\"elementor-heading-title elementor-size-default\">\u00c9v\u00e9nements kiconex<\/h2>\t\t\t\t<\/div>\n\t\t\t\t<\/div>\n\t\t\t\t<div class=\"elementor-element elementor-element-cf3e68d elementor-widget elementor-widget-spacer\" data-id=\"cf3e68d\" data-element_type=\"widget\" data-e-type=\"widget\" data-widget_type=\"spacer.default\">\n\t\t\t\t<div class=\"elementor-widget-container\">\n\t\t\t\t\t\t\t<div class=\"elementor-spacer\">\n\t\t\t<div class=\"elementor-spacer-inner\"><\/div>\n\t\t<\/div>\n\t\t\t\t\t\t<\/div>\n\t\t\t\t<\/div>\n\t\t\t\t<div class=\"elementor-element elementor-element-7de46d2e elementor-widget elementor-widget-text-editor\" data-id=\"7de46d2e\" data-element_type=\"widget\" data-e-type=\"widget\" data-widget_type=\"text-editor.default\">\n\t\t\t\t<div class=\"elementor-widget-container\">\n\t\t\t\t\t\t\t\t\t<p>Vous pouvez voir ici tous les \u00e9v\u00e9nements auxquels kiconex a particip\u00e9.<\/p>\n\t\t\t\t\t\t\t\t<\/div>\n\t\t\t\t<\/div>\n\t\t\t\t<\/div>\n\t\t<div class=\"elementor-element elementor-element-51081c66 e-flex e-con-boxed e-con e-child\" data-id=\"51081c66\" data-element_type=\"container\" data-e-type=\"container\" data-settings=\"{&quot;jet_parallax_layout_list&quot;:[]}\">\n\t\t\t\t\t<div class=\"e-con-inner\">\n\t\t\t\t<div class=\"elementor-element elementor-element-6d4b5021 hover-effect--zoom-in card-layout--standard content-alignment--left equal-height--yes social-icon-shape--rounded elementor-widget elementor-widget-raven-team-members\" data-id=\"6d4b5021\" data-element_type=\"widget\" data-e-type=\"widget\" data-widget_type=\"raven-team-members.default\">\n\t\t\t\t<div class=\"elementor-widget-container\">\n\t\t\t\t\t\t\t<div class=\"raven-team-members-wrapper\">\n\t\t\t\t\t\t\t<div class=\"elementor-repeater-item-38195f4 team-member\">\n\t\t\t\t\t<div class=\"team-member--image-container\">\t\t<div class=\"team-member--image-wrapper\">\n\t\t\t<a href=\"https:\/\/www.kiconex.com\/fr\/chillventa-2024\/\" target=\"_blank\">\t\t\t<img decoding=\"async\" class=\"team-member--image\" src=\"https:\/\/www.kiconex.com\/wp-content\/uploads\/2024\/11\/Eventos-2.png\" alt=\"kiconex Chillventa 2024\">\n\t\t\t<\/a>\t\t<\/div>\n\t\t<\/div>\t\t<div class=\"team-member--content\">\n\t\t\t<h2 class=\"team-member--name\">Chillventa 2024<\/h2><div class=\"team-member--position\" title=\"kiconex\">kiconex<\/div><div class=\"team-member--description\"><\/div><div class=\"social-icons-wrapper\"><\/div>\t\t<\/div>\n\t\t\t\t\t\t<\/div>\n\t\t\t\t\t\t\t<div class=\"elementor-repeater-item-9a9a5be team-member\">\n\t\t\t\t\t<div class=\"team-member--image-container\">\t\t<div class=\"team-member--image-wrapper\">\n\t\t\t<a href=\"https:\/\/www.kiconex.com\/fr\/kiconex-dans-on-industry\/\" target=\"_blank\" rel=\"nofollow\">\t\t\t<img decoding=\"async\" class=\"team-member--image\" src=\"https:\/\/www.kiconex.com\/wp-content\/uploads\/2024\/11\/EVENTOS-4.png\" alt=\"On Industry\">\n\t\t\t<\/a>\t\t<\/div>\n\t\t<\/div>\t\t<div class=\"team-member--content\">\n\t\t\t<h2 class=\"team-member--name\">Sur l&#039;industrie 2024<\/h2><div class=\"team-member--position\" title=\"kiconex\">kiconex<\/div><div class=\"team-member--description\"><\/div><div class=\"social-icons-wrapper\"><\/div>\t\t<\/div>\n\t\t\t\t\t\t<\/div>\n\t\t\t\t\t<\/div>\n\t\t\t\t\t\t<\/div>\n\t\t\t\t<\/div>\n\t\t\t\t\t<\/div>\n\t\t\t\t<\/div>\n\t\t\t\t\t<\/div>\n\t\t\t\t<\/div>\n\t\t<div class=\"elementor-element elementor-element-4914bba e-flex e-con-boxed e-con e-parent\" data-id=\"4914bba\" data-element_type=\"container\" data-e-type=\"container\" data-settings=\"{&quot;jet_parallax_layout_list&quot;:[]}\">\n\t\t\t\t\t<div class=\"e-con-inner\">\n\t\t\t\t<div class=\"elementor-element elementor-element-3ea73fd elementor-widget elementor-widget-text-editor\" data-id=\"3ea73fd\" data-element_type=\"widget\" data-e-type=\"widget\" data-widget_type=\"text-editor.default\">\n\t\t\t\t<div class=\"elementor-widget-container\">\n\t\t\t\t\t\t\t\t\t<p>Vous pouvez \u00e9galement nous trouver \u00e0 l&rsquo;adresse suivante<\/p>\n\t\t\t\t\t\t\t\t<\/div>\n\t\t\t\t<\/div>\n\t\t\t\t<div class=\"elementor-element elementor-element-5632b88 elementor-shape-square e-grid-align-left elementor-grid-0 elementor-widget elementor-widget-social-icons\" data-id=\"5632b88\" data-element_type=\"widget\" data-e-type=\"widget\" data-widget_type=\"social-icons.default\">\n\t\t\t\t<div class=\"elementor-widget-container\">\n\t\t\t\t\t\t\t<div class=\"elementor-social-icons-wrapper elementor-grid\" role=\"list\">\n\t\t\t\t\t\t\t<span class=\"elementor-grid-item\" role=\"listitem\">\n\t\t\t\t\t<a class=\"elementor-icon elementor-social-icon elementor-social-icon-linkedin elementor-repeater-item-239df31\" href=\"https:\/\/www.linkedin.com\/company\/kiconex\/\" target=\"_blank\">\n\t\t\t\t\t\t<span class=\"elementor-screen-only\">Linkedin<\/span>\n\t\t\t\t\t\t<svg aria-hidden=\"true\" class=\"e-font-icon-svg e-fab-linkedin\" viewBox=\"0 0 448 512\" xmlns=\"http:\/\/www.w3.org\/2000\/svg\"><path d=\"M416 32H31.9C14.3 32 0 46.5 0 64.3v383.4C0 465.5 14.3 480 31.9 480H416c17.6 0 32-14.5 32-32.3V64.3c0-17.8-14.4-32.3-32-32.3zM135.4 416H69V202.2h66.5V416zm-33.2-243c-21.3 0-38.5-17.3-38.5-38.5S80.9 96 102.2 96c21.2 0 38.5 17.3 38.5 38.5 0 21.3-17.2 38.5-38.5 38.5zm282.1 243h-66.4V312c0-24.8-.5-56.7-34.5-56.7-34.6 0-39.9 27-39.9 54.9V416h-66.4V202.2h63.7v29.2h.9c8.9-16.8 30.6-34.5 62.9-34.5 67.2 0 79.7 44.3 79.7 101.9V416z\"><\/path><\/svg>\t\t\t\t\t<\/a>\n\t\t\t\t<\/span>\n\t\t\t\t\t\t\t<span class=\"elementor-grid-item\" role=\"listitem\">\n\t\t\t\t\t<a class=\"elementor-icon elementor-social-icon elementor-social-icon-instagram elementor-repeater-item-82e2490\" href=\"https:\/\/www.instagram.com\/kiconexoficial\/?igsh=bHFrb2tkazF1Y2c3\" target=\"_blank\">\n\t\t\t\t\t\t<span class=\"elementor-screen-only\">Instagram<\/span>\n\t\t\t\t\t\t<svg aria-hidden=\"true\" class=\"e-font-icon-svg e-fab-instagram\" viewBox=\"0 0 448 512\" xmlns=\"http:\/\/www.w3.org\/2000\/svg\"><path d=\"M224.1 141c-63.6 0-114.9 51.3-114.9 114.9s51.3 114.9 114.9 114.9S339 319.5 339 255.9 287.7 141 224.1 141zm0 189.6c-41.1 0-74.7-33.5-74.7-74.7s33.5-74.7 74.7-74.7 74.7 33.5 74.7 74.7-33.6 74.7-74.7 74.7zm146.4-194.3c0 14.9-12 26.8-26.8 26.8-14.9 0-26.8-12-26.8-26.8s12-26.8 26.8-26.8 26.8 12 26.8 26.8zm76.1 27.2c-1.7-35.9-9.9-67.7-36.2-93.9-26.2-26.2-58-34.4-93.9-36.2-37-2.1-147.9-2.1-184.9 0-35.8 1.7-67.6 9.9-93.9 36.1s-34.4 58-36.2 93.9c-2.1 37-2.1 147.9 0 184.9 1.7 35.9 9.9 67.7 36.2 93.9s58 34.4 93.9 36.2c37 2.1 147.9 2.1 184.9 0 35.9-1.7 67.7-9.9 93.9-36.2 26.2-26.2 34.4-58 36.2-93.9 2.1-37 2.1-147.8 0-184.8zM398.8 388c-7.8 19.6-22.9 34.7-42.6 42.6-29.5 11.7-99.5 9-132.1 9s-102.7 2.6-132.1-9c-19.6-7.8-34.7-22.9-42.6-42.6-11.7-29.5-9-99.5-9-132.1s-2.6-102.7 9-132.1c7.8-19.6 22.9-34.7 42.6-42.6 29.5-11.7 99.5-9 132.1-9s102.7-2.6 132.1 9c19.6 7.8 34.7 22.9 42.6 42.6 11.7 29.5 9 99.5 9 132.1s2.7 102.7-9 132.1z\"><\/path><\/svg>\t\t\t\t\t<\/a>\n\t\t\t\t<\/span>\n\t\t\t\t\t\t\t<span class=\"elementor-grid-item\" role=\"listitem\">\n\t\t\t\t\t<a class=\"elementor-icon elementor-social-icon elementor-social-icon-youtube elementor-repeater-item-b73a565\" href=\"https:\/\/www.youtube.com\/@KiconexIoT\" target=\"_blank\">\n\t\t\t\t\t\t<span class=\"elementor-screen-only\">Youtube<\/span>\n\t\t\t\t\t\t<svg aria-hidden=\"true\" class=\"e-font-icon-svg e-fab-youtube\" viewBox=\"0 0 576 512\" xmlns=\"http:\/\/www.w3.org\/2000\/svg\"><path d=\"M549.655 124.083c-6.281-23.65-24.787-42.276-48.284-48.597C458.781 64 288 64 288 64S117.22 64 74.629 75.486c-23.497 6.322-42.003 24.947-48.284 48.597-11.412 42.867-11.412 132.305-11.412 132.305s0 89.438 11.412 132.305c6.281 23.65 24.787 41.5 48.284 47.821C117.22 448 288 448 288 448s170.78 0 213.371-11.486c23.497-6.321 42.003-24.171 48.284-47.821 11.412-42.867 11.412-132.305 11.412-132.305s0-89.438-11.412-132.305zm-317.51 213.508V175.185l142.739 81.205-142.739 81.201z\"><\/path><\/svg>\t\t\t\t\t<\/a>\n\t\t\t\t<\/span>\n\t\t\t\t\t\t\t<span class=\"elementor-grid-item\" role=\"listitem\">\n\t\t\t\t\t<a class=\"elementor-icon elementor-social-icon elementor-social-icon-facebook elementor-repeater-item-1e318b2\" href=\"https:\/\/www.facebook.com\/kiconex\/\" target=\"_blank\">\n\t\t\t\t\t\t<span class=\"elementor-screen-only\">Facebook<\/span>\n\t\t\t\t\t\t<svg aria-hidden=\"true\" class=\"e-font-icon-svg e-fab-facebook\" viewBox=\"0 0 512 512\" xmlns=\"http:\/\/www.w3.org\/2000\/svg\"><path d=\"M504 256C504 119 393 8 256 8S8 119 8 256c0 123.78 90.69 226.38 209.25 245V327.69h-63V256h63v-54.64c0-62.15 37-96.48 93.67-96.48 27.14 0 55.52 4.84 55.52 4.84v61h-31.28c-30.8 0-40.41 19.12-40.41 38.73V256h68.78l-11 71.69h-57.78V501C413.31 482.38 504 379.78 504 256z\"><\/path><\/svg>\t\t\t\t\t<\/a>\n\t\t\t\t<\/span>\n\t\t\t\t\t\t\t<span class=\"elementor-grid-item\" role=\"listitem\">\n\t\t\t\t\t<a class=\"elementor-icon elementor-social-icon elementor-social-icon-twitter elementor-repeater-item-33845fe\" href=\"https:\/\/x.com\/kiconexIoT\" target=\"_blank\">\n\t\t\t\t\t\t<span class=\"elementor-screen-only\">Twitter<\/span>\n\t\t\t\t\t\t<svg aria-hidden=\"true\" class=\"e-font-icon-svg e-fab-twitter\" viewBox=\"0 0 512 512\" xmlns=\"http:\/\/www.w3.org\/2000\/svg\"><path d=\"M459.37 151.716c.325 4.548.325 9.097.325 13.645 0 138.72-105.583 298.558-298.558 298.558-59.452 0-114.68-17.219-161.137-47.106 8.447.974 16.568 1.299 25.34 1.299 49.055 0 94.213-16.568 130.274-44.832-46.132-.975-84.792-31.188-98.112-72.772 6.498.974 12.995 1.624 19.818 1.624 9.421 0 18.843-1.3 27.614-3.573-48.081-9.747-84.143-51.98-84.143-102.985v-1.299c13.969 7.797 30.214 12.67 47.431 13.319-28.264-18.843-46.781-51.005-46.781-87.391 0-19.492 5.197-37.36 14.294-52.954 51.655 63.675 129.3 105.258 216.365 109.807-1.624-7.797-2.599-15.918-2.599-24.04 0-57.828 46.782-104.934 104.934-104.934 30.213 0 57.502 12.67 76.67 33.137 23.715-4.548 46.456-13.32 66.599-25.34-7.798 24.366-24.366 44.833-46.132 57.827 21.117-2.273 41.584-8.122 60.426-16.243-14.292 20.791-32.161 39.308-52.628 54.253z\"><\/path><\/svg>\t\t\t\t\t<\/a>\n\t\t\t\t<\/span>\n\t\t\t\t\t<\/div>\n\t\t\t\t\t\t<\/div>\n\t\t\t\t<\/div>\n\t\t\t\t\t<\/div>\n\t\t\t\t<\/div>\n\t\t\t\t<\/div>\n\t\t","protected":false},"excerpt":{"rendered":"<p>\u00c9V\u00c9NEMENTS \u00c9v\u00e9nements kiconex Vous pouvez voir ici tous les \u00e9v\u00e9nements auxquels kiconex a particip\u00e9. Chillventa 2024 kiconex Sur l&#039;industrie 2024 kiconex Vous pouvez \u00e9galement nous trouver \u00e0 l&rsquo;adresse suivante Linkedin Instagram Youtube Facebook Twitter<\/p>\n","protected":false},"author":1,"featured_media":0,"parent":0,"menu_order":0,"comment_status":"closed","ping_status":"closed","template":"","meta":{"_acf_changed":false,"_monsterinsights_skip_tracking":false,"_monsterinsights_sitenote_active":false,"_monsterinsights_sitenote_note":"","_monsterinsights_sitenote_category":0,"footnotes":""},"class_list":["post-4739","page","type-page","status-publish","hentry"],"acf":[],"yoast_head":"<!-- This site is optimized with the Yoast SEO plugin v27.4 - https:\/\/yoast.com\/product\/yoast-seo-wordpress\/ -->\n<title>\u00c9v\u00e9nements kiconex<\/title>\n<meta name=\"description\" content=\"Chez kiconex, nous nous effor\u00e7ons d&#039;\u00eatre pr\u00e9sents \u00e0 tous les \u00e9v\u00e9nements et salons pour fournir des informations et r\u00e9pondre \u00e0 vos questions.\" \/>\n<meta name=\"robots\" content=\"index, follow, max-snippet:-1, max-image-preview:large, max-video-preview:-1\" \/>\n<link rel=\"canonical\" href=\"https:\/\/www.kiconex.com\/fr\/evenements\/\" \/>\n<meta property=\"og:locale\" content=\"fr_FR\" \/>\n<meta property=\"og:type\" content=\"article\" \/>\n<meta property=\"og:title\" content=\"\u00c9v\u00e9nements kiconex\" \/>\n<meta property=\"og:description\" content=\"Chez kiconex, nous nous effor\u00e7ons d&#039;\u00eatre pr\u00e9sents \u00e0 tous les \u00e9v\u00e9nements et salons pour fournir des informations et r\u00e9pondre \u00e0 vos questions.\" \/>\n<meta property=\"og:url\" content=\"https:\/\/www.kiconex.com\/fr\/evenements\/\" \/>\n<meta property=\"og:site_name\" content=\"Kiconex\" \/>\n<meta property=\"article:modified_time\" content=\"2024-11-29T09:27:58+00:00\" \/>\n<meta property=\"og:image\" content=\"https:\/\/www.kiconex.com\/wp-content\/uploads\/2024\/11\/Eventos-2.png\" \/>\n<meta name=\"twitter:card\" content=\"summary_large_image\" \/>\n<script type=\"application\/ld+json\" class=\"yoast-schema-graph\">{\"@context\":\"https:\\\/\\\/schema.org\",\"@graph\":[{\"@type\":\"WebPage\",\"@id\":\"https:\\\/\\\/www.kiconex.com\\\/fr\\\/evenements\\\/\",\"url\":\"https:\\\/\\\/www.kiconex.com\\\/fr\\\/evenements\\\/\",\"name\":\"\u00c9v\u00e9nements kiconex\",\"isPartOf\":{\"@id\":\"https:\\\/\\\/brave-ishizaka.185-79-31-96.plesk.page\\\/#website\"},\"primaryImageOfPage\":{\"@id\":\"https:\\\/\\\/www.kiconex.com\\\/fr\\\/evenements\\\/#primaryimage\"},\"image\":{\"@id\":\"https:\\\/\\\/www.kiconex.com\\\/fr\\\/evenements\\\/#primaryimage\"},\"thumbnailUrl\":\"https:\\\/\\\/www.kiconex.com\\\/wp-content\\\/uploads\\\/2024\\\/11\\\/Eventos-2.png\",\"datePublished\":\"2024-11-21T11:49:07+00:00\",\"dateModified\":\"2024-11-29T09:27:58+00:00\",\"description\":\"Chez kiconex, nous nous effor\u00e7ons d'\u00eatre pr\u00e9sents \u00e0 tous les \u00e9v\u00e9nements et salons pour fournir des informations et r\u00e9pondre \u00e0 vos questions.\",\"breadcrumb\":{\"@id\":\"https:\\\/\\\/www.kiconex.com\\\/fr\\\/evenements\\\/#breadcrumb\"},\"inLanguage\":\"fr-FR\",\"potentialAction\":[{\"@type\":\"ReadAction\",\"target\":[\"https:\\\/\\\/www.kiconex.com\\\/fr\\\/evenements\\\/\"]}]},{\"@type\":\"ImageObject\",\"inLanguage\":\"fr-FR\",\"@id\":\"https:\\\/\\\/www.kiconex.com\\\/fr\\\/evenements\\\/#primaryimage\",\"url\":\"https:\\\/\\\/www.kiconex.com\\\/wp-content\\\/uploads\\\/2024\\\/11\\\/Eventos-2.png\",\"contentUrl\":\"https:\\\/\\\/www.kiconex.com\\\/wp-content\\\/uploads\\\/2024\\\/11\\\/Eventos-2.png\"},{\"@type\":\"BreadcrumbList\",\"@id\":\"https:\\\/\\\/www.kiconex.com\\\/fr\\\/evenements\\\/#breadcrumb\",\"itemListElement\":[{\"@type\":\"ListItem\",\"position\":1,\"name\":\"Portada\",\"item\":\"https:\\\/\\\/www.kiconex.com\\\/fr\\\/accueil\\\/\"},{\"@type\":\"ListItem\",\"position\":2,\"name\":\"Ev\u00e9nements\"}]},{\"@type\":\"WebSite\",\"@id\":\"https:\\\/\\\/brave-ishizaka.185-79-31-96.plesk.page\\\/#website\",\"url\":\"https:\\\/\\\/brave-ishizaka.185-79-31-96.plesk.page\\\/\",\"name\":\"Kiconex\",\"description\":\"\",\"potentialAction\":[{\"@type\":\"SearchAction\",\"target\":{\"@type\":\"EntryPoint\",\"urlTemplate\":\"https:\\\/\\\/brave-ishizaka.185-79-31-96.plesk.page\\\/?s={search_term_string}\"},\"query-input\":{\"@type\":\"PropertyValueSpecification\",\"valueRequired\":true,\"valueName\":\"search_term_string\"}}],\"inLanguage\":\"fr-FR\"}]}<\/script>\n<!-- \/ Yoast SEO plugin. -->","yoast_head_json":{"title":"\u00c9v\u00e9nements kiconex","description":"Chez kiconex, nous nous effor\u00e7ons d'\u00eatre pr\u00e9sents \u00e0 tous les \u00e9v\u00e9nements et salons pour fournir des informations et r\u00e9pondre \u00e0 vos questions.","robots":{"index":"index","follow":"follow","max-snippet":"max-snippet:-1","max-image-preview":"max-image-preview:large","max-video-preview":"max-video-preview:-1"},"canonical":"https:\/\/www.kiconex.com\/fr\/evenements\/","og_locale":"fr_FR","og_type":"article","og_title":"\u00c9v\u00e9nements kiconex","og_description":"Chez kiconex, nous nous effor\u00e7ons d'\u00eatre pr\u00e9sents \u00e0 tous les \u00e9v\u00e9nements et salons pour fournir des informations et r\u00e9pondre \u00e0 vos questions.","og_url":"https:\/\/www.kiconex.com\/fr\/evenements\/","og_site_name":"Kiconex","article_modified_time":"2024-11-29T09:27:58+00:00","og_image":[{"url":"https:\/\/www.kiconex.com\/wp-content\/uploads\/2024\/11\/Eventos-2.png","type":"","width":"","height":""}],"twitter_card":"summary_large_image","schema":{"@context":"https:\/\/schema.org","@graph":[{"@type":"WebPage","@id":"https:\/\/www.kiconex.com\/fr\/evenements\/","url":"https:\/\/www.kiconex.com\/fr\/evenements\/","name":"\u00c9v\u00e9nements kiconex","isPartOf":{"@id":"https:\/\/brave-ishizaka.185-79-31-96.plesk.page\/#website"},"primaryImageOfPage":{"@id":"https:\/\/www.kiconex.com\/fr\/evenements\/#primaryimage"},"image":{"@id":"https:\/\/www.kiconex.com\/fr\/evenements\/#primaryimage"},"thumbnailUrl":"https:\/\/www.kiconex.com\/wp-content\/uploads\/2024\/11\/Eventos-2.png","datePublished":"2024-11-21T11:49:07+00:00","dateModified":"2024-11-29T09:27:58+00:00","description":"Chez kiconex, nous nous effor\u00e7ons d'\u00eatre pr\u00e9sents \u00e0 tous les \u00e9v\u00e9nements et salons pour fournir des informations et r\u00e9pondre \u00e0 vos questions.","breadcrumb":{"@id":"https:\/\/www.kiconex.com\/fr\/evenements\/#breadcrumb"},"inLanguage":"fr-FR","potentialAction":[{"@type":"ReadAction","target":["https:\/\/www.kiconex.com\/fr\/evenements\/"]}]},{"@type":"ImageObject","inLanguage":"fr-FR","@id":"https:\/\/www.kiconex.com\/fr\/evenements\/#primaryimage","url":"https:\/\/www.kiconex.com\/wp-content\/uploads\/2024\/11\/Eventos-2.png","contentUrl":"https:\/\/www.kiconex.com\/wp-content\/uploads\/2024\/11\/Eventos-2.png"},{"@type":"BreadcrumbList","@id":"https:\/\/www.kiconex.com\/fr\/evenements\/#breadcrumb","itemListElement":[{"@type":"ListItem","position":1,"name":"Portada","item":"https:\/\/www.kiconex.com\/fr\/accueil\/"},{"@type":"ListItem","position":2,"name":"Ev\u00e9nements"}]},{"@type":"WebSite","@id":"https:\/\/brave-ishizaka.185-79-31-96.plesk.page\/#website","url":"https:\/\/brave-ishizaka.185-79-31-96.plesk.page\/","name":"Kiconex","description":"","potentialAction":[{"@type":"SearchAction","target":{"@type":"EntryPoint","urlTemplate":"https:\/\/brave-ishizaka.185-79-31-96.plesk.page\/?s={search_term_string}"},"query-input":{"@type":"PropertyValueSpecification","valueRequired":true,"valueName":"search_term_string"}}],"inLanguage":"fr-FR"}]}},"_links":{"self":[{"href":"https:\/\/www.kiconex.com\/fr\/wp-json\/wp\/v2\/pages\/4739","targetHints":{"allow":["GET"]}}],"collection":[{"href":"https:\/\/www.kiconex.com\/fr\/wp-json\/wp\/v2\/pages"}],"about":[{"href":"https:\/\/www.kiconex.com\/fr\/wp-json\/wp\/v2\/types\/page"}],"author":[{"embeddable":true,"href":"https:\/\/www.kiconex.com\/fr\/wp-json\/wp\/v2\/users\/1"}],"replies":[{"embeddable":true,"href":"https:\/\/www.kiconex.com\/fr\/wp-json\/wp\/v2\/comments?post=4739"}],"version-history":[{"count":7,"href":"https:\/\/www.kiconex.com\/fr\/wp-json\/wp\/v2\/pages\/4739\/revisions"}],"predecessor-version":[{"id":5229,"href":"https:\/\/www.kiconex.com\/fr\/wp-json\/wp\/v2\/pages\/4739\/revisions\/5229"}],"wp:attachment":[{"href":"https:\/\/www.kiconex.com\/fr\/wp-json\/wp\/v2\/media?parent=4739"}],"curies":[{"name":"wp","href":"https:\/\/api.w.org\/{rel}","templated":true}]}}